{"id":7058,"date":"2025-04-17T15:40:10","date_gmt":"2025-04-17T14:40:10","guid":{"rendered":"https:\/\/soussewetter.de\/meteo\/?page_id=7058"},"modified":"2025-04-17T16:04:28","modified_gmt":"2025-04-17T15:04:28","slug":"regenmengen-tunesien-karte","status":"publish","type":"page","link":"https:\/\/soussewetter.de\/meteo\/daten-archiv\/regenmengen-tunesien-karte\/","title":{"rendered":"Regenmengen Tunesien (Karte)"},"content":{"rendered":"<p style=\"text-align: justify;\">Interaktive Karte zur grafischen Darstellung der t&auml;glichen Niederschl&auml;ge in Tunesien, bereitgestellt durch das <a href=\"http:\/\/www.agridata.tn\" target=\"_blank\" rel=\"noopener noreferrer\">Ministerium f&uuml;r Landwirtschaft, Wasserressourcen und Fischerei<\/a>. Kurzlink: <a href=\"https:\/\/www.kashba.de\/regenmengen\" target=\"_blank\" rel=\"noopener\">www.kashba.de\/regenmengen<\/a><br>\n<!--more--><br>\nDie Kreise, deren Gr&ouml;&szlig;e und deren Farbe stellen die St&auml;rke der gemessenen Regenmengen dar. Durch &Uuml;berfahren der Kreise mit der Maus werden weitere Einzelheiten eingeblendet.<\/p>\n<p style=\"text-align: center;\"><iframe loading=\"lazy\" title=\"Data viewer\" src=\"https:\/\/catalog.agridata.tn\/fr\/dataset\/pluviometriques-journalieres-observees\/resource\/e93a4205-84de-47a5-bcdb-e00520b15e10\/view\/e3b51fb1-a161-4565-95a3-e22f9d579ca8\" width=\"800\" height=\"500\" frameborder=\"0\"><\/iframe><\/p>\n<p>Quelle: <a href=\"http:\/\/www.agridata.tn\" target=\"_blank\" rel=\"noopener noreferrer\">Ministerium f&uuml;r Landwirtschaft, Wasserressourcen und Fischerei<\/a> Tunesien<\/p>\n","protected":false},"excerpt":{"rendered":"<p>Interaktive Karte zur grafischen Darstellung der t\u00e4glichen Niederschl\u00e4ge in Tunesien, bereitgestellt durch das Ministerium f\u00fcr Landwirtschaft, Wasserressourcen und Fischerei. Kurzlink:<\/p>\n","protected":false},"author":1,"featured_media":7059,"parent":82,"menu_order":0,"comment_status":"closed","ping_status":"closed","template":"","meta":{"colormag_page_container_layout":"no_sidebar_full_width","colormag_page_sidebar_layout":"no_sidebar","footnotes":""},"class_list":["post-7058","page","type-page","status-publish","has-post-thumbnail","hentry"],"yoast_head":"<!-- This site is optimized with the Yoast SEO plugin v27.3 - https:\/\/yoast.com\/product\/yoast-seo-wordpress\/ -->\n<title>Regenmengen Tunesien (Karte) - Soussewetter.de<\/title>\n<meta name=\"description\" content=\"Interaktive Karte zur grafischen Darstellung der Regenmengen Tunesiens des Ministeriums f\u00fcr Landwirtschaft, Wasserressourcen und Fischerei\" \/>\n<meta name=\"robots\" content=\"index, follow, max-snippet:-1, max-image-preview:large, max-video-preview:-1\" \/>\n<link rel=\"canonical\" href=\"https:\/\/soussewetter.de\/meteo\/daten-archiv\/regenmengen-tunesien-karte\/\" \/>\n<meta property=\"og:locale\" content=\"de_DE\" \/>\n<meta property=\"og:type\" content=\"article\" \/>\n<meta property=\"og:title\" content=\"Regenmengen Tunesien (Karte) - Soussewetter.de\" \/>\n<meta property=\"og:description\" content=\"Interaktive Karte zur grafischen Darstellung der Regenmengen Tunesiens des Ministeriums f\u00fcr Landwirtschaft, Wasserressourcen und Fischerei\" \/>\n<meta property=\"og:url\" content=\"https:\/\/soussewetter.de\/meteo\/daten-archiv\/regenmengen-tunesien-karte\/\" \/>\n<meta property=\"og:site_name\" content=\"Soussewetter.de\" \/>\n<meta property=\"article:publisher\" content=\"https:\/\/www.facebook.com\/wetterstation.sousse\" \/>\n<meta property=\"article:modified_time\" content=\"2025-04-17T15:04:28+00:00\" \/>\n<meta property=\"og:image\" content=\"https:\/\/soussewetter.de\/meteo\/wp-content\/uploads\/2025\/04\/800_regenmengen_karte.jpg\" \/>\n\t<meta property=\"og:image:width\" content=\"800\" \/>\n\t<meta property=\"og:image:height\" content=\"445\" \/>\n\t<meta property=\"og:image:type\" content=\"image\/jpeg\" \/>\n<meta name=\"twitter:card\" content=\"summary_large_image\" \/>\n<meta name=\"twitter:label1\" content=\"Gesch\u00e4tzte Lesezeit\" \/>\n\t<meta name=\"twitter:data1\" content=\"1\u00a0Minute\" \/>\n<script type=\"application\/ld+json\" class=\"yoast-schema-graph\">{\"@context\":\"https:\\\/\\\/schema.org\",\"@graph\":[{\"@type\":\"WebPage\",\"@id\":\"https:\\\/\\\/soussewetter.de\\\/meteo\\\/daten-archiv\\\/regenmengen-tunesien-karte\\\/\",\"url\":\"https:\\\/\\\/soussewetter.de\\\/meteo\\\/daten-archiv\\\/regenmengen-tunesien-karte\\\/\",\"name\":\"Regenmengen Tunesien (Karte) - Soussewetter.de\",\"isPartOf\":{\"@id\":\"https:\\\/\\\/soussewetter.de\\\/meteo\\\/#website\"},\"primaryImageOfPage\":{\"@id\":\"https:\\\/\\\/soussewetter.de\\\/meteo\\\/daten-archiv\\\/regenmengen-tunesien-karte\\\/#primaryimage\"},\"image\":{\"@id\":\"https:\\\/\\\/soussewetter.de\\\/meteo\\\/daten-archiv\\\/regenmengen-tunesien-karte\\\/#primaryimage\"},\"thumbnailUrl\":\"https:\\\/\\\/soussewetter.de\\\/meteo\\\/wp-content\\\/uploads\\\/2025\\\/04\\\/800_regenmengen_karte.jpg\",\"datePublished\":\"2025-04-17T14:40:10+00:00\",\"dateModified\":\"2025-04-17T15:04:28+00:00\",\"description\":\"Interaktive Karte zur grafischen Darstellung der Regenmengen Tunesiens des Ministeriums f\u00fcr Landwirtschaft, Wasserressourcen und Fischerei\",\"breadcrumb\":{\"@id\":\"https:\\\/\\\/soussewetter.de\\\/meteo\\\/daten-archiv\\\/regenmengen-tunesien-karte\\\/#breadcrumb\"},\"inLanguage\":\"de\",\"potentialAction\":[{\"@type\":\"ReadAction\",\"target\":[\"https:\\\/\\\/soussewetter.de\\\/meteo\\\/daten-archiv\\\/regenmengen-tunesien-karte\\\/\"]}]},{\"@type\":\"ImageObject\",\"inLanguage\":\"de\",\"@id\":\"https:\\\/\\\/soussewetter.de\\\/meteo\\\/daten-archiv\\\/regenmengen-tunesien-karte\\\/#primaryimage\",\"url\":\"https:\\\/\\\/soussewetter.de\\\/meteo\\\/wp-content\\\/uploads\\\/2025\\\/04\\\/800_regenmengen_karte.jpg\",\"contentUrl\":\"https:\\\/\\\/soussewetter.de\\\/meteo\\\/wp-content\\\/uploads\\\/2025\\\/04\\\/800_regenmengen_karte.jpg\",\"width\":800,\"height\":445,\"caption\":\"Regenmengen Tunesien (Karte)\"},{\"@type\":\"BreadcrumbList\",\"@id\":\"https:\\\/\\\/soussewetter.de\\\/meteo\\\/daten-archiv\\\/regenmengen-tunesien-karte\\\/#breadcrumb\",\"itemListElement\":[{\"@type\":\"ListItem\",\"position\":1,\"name\":\"Startseite\",\"item\":\"https:\\\/\\\/soussewetter.de\\\/meteo\\\/\"},{\"@type\":\"ListItem\",\"position\":2,\"name\":\"Datenarchiv\",\"item\":\"https:\\\/\\\/soussewetter.de\\\/meteo\\\/daten-archiv\\\/\"},{\"@type\":\"ListItem\",\"position\":3,\"name\":\"Regenmengen Tunesien (Karte)\"}]},{\"@type\":\"WebSite\",\"@id\":\"https:\\\/\\\/soussewetter.de\\\/meteo\\\/#website\",\"url\":\"https:\\\/\\\/soussewetter.de\\\/meteo\\\/\",\"name\":\"Soussewetter.de\",\"description\":\"Rund um das Wetter in Tunesien\",\"publisher\":{\"@id\":\"https:\\\/\\\/soussewetter.de\\\/meteo\\\/#organization\"},\"alternateName\":\"Wetterstation Akouda\\\/Sousse\",\"potentialAction\":[{\"@type\":\"SearchAction\",\"target\":{\"@type\":\"EntryPoint\",\"urlTemplate\":\"https:\\\/\\\/soussewetter.de\\\/meteo\\\/?s={search_term_string}\"},\"query-input\":{\"@type\":\"PropertyValueSpecification\",\"valueRequired\":true,\"valueName\":\"search_term_string\"}}],\"inLanguage\":\"de\"},{\"@type\":\"Organization\",\"@id\":\"https:\\\/\\\/soussewetter.de\\\/meteo\\\/#organization\",\"name\":\"Wetterstation Akouda\",\"alternateName\":\"soussewetter.de\",\"url\":\"https:\\\/\\\/soussewetter.de\\\/meteo\\\/\",\"logo\":{\"@type\":\"ImageObject\",\"inLanguage\":\"de\",\"@id\":\"https:\\\/\\\/soussewetter.de\\\/meteo\\\/#\\\/schema\\\/logo\\\/image\\\/\",\"url\":\"https:\\\/\\\/soussewetter.de\\\/meteo\\\/wp-content\\\/uploads\\\/2018\\\/10\\\/cropped-windmesser_800x332.jpg\",\"contentUrl\":\"https:\\\/\\\/soussewetter.de\\\/meteo\\\/wp-content\\\/uploads\\\/2018\\\/10\\\/cropped-windmesser_800x332.jpg\",\"width\":512,\"height\":512,\"caption\":\"Wetterstation Akouda\"},\"image\":{\"@id\":\"https:\\\/\\\/soussewetter.de\\\/meteo\\\/#\\\/schema\\\/logo\\\/image\\\/\"},\"sameAs\":[\"https:\\\/\\\/www.facebook.com\\\/wetterstation.sousse\"]}]}<\/script>\n<!-- \/ Yoast SEO plugin. -->","yoast_head_json":{"title":"Regenmengen Tunesien (Karte) - Soussewetter.de","description":"Interaktive Karte zur grafischen Darstellung der Regenmengen Tunesiens des Ministeriums f\u00fcr Landwirtschaft, Wasserressourcen und Fischerei","robots":{"index":"index","follow":"follow","max-snippet":"max-snippet:-1","max-image-preview":"max-image-preview:large","max-video-preview":"max-video-preview:-1"},"canonical":"https:\/\/soussewetter.de\/meteo\/daten-archiv\/regenmengen-tunesien-karte\/","og_locale":"de_DE","og_type":"article","og_title":"Regenmengen Tunesien (Karte) - Soussewetter.de","og_description":"Interaktive Karte zur grafischen Darstellung der Regenmengen Tunesiens des Ministeriums f\u00fcr Landwirtschaft, Wasserressourcen und Fischerei","og_url":"https:\/\/soussewetter.de\/meteo\/daten-archiv\/regenmengen-tunesien-karte\/","og_site_name":"Soussewetter.de","article_publisher":"https:\/\/www.facebook.com\/wetterstation.sousse","article_modified_time":"2025-04-17T15:04:28+00:00","og_image":[{"width":800,"height":445,"url":"https:\/\/soussewetter.de\/meteo\/wp-content\/uploads\/2025\/04\/800_regenmengen_karte.jpg","type":"image\/jpeg"}],"twitter_card":"summary_large_image","twitter_misc":{"Gesch\u00e4tzte Lesezeit":"1\u00a0Minute"},"schema":{"@context":"https:\/\/schema.org","@graph":[{"@type":"WebPage","@id":"https:\/\/soussewetter.de\/meteo\/daten-archiv\/regenmengen-tunesien-karte\/","url":"https:\/\/soussewetter.de\/meteo\/daten-archiv\/regenmengen-tunesien-karte\/","name":"Regenmengen Tunesien (Karte) - Soussewetter.de","isPartOf":{"@id":"https:\/\/soussewetter.de\/meteo\/#website"},"primaryImageOfPage":{"@id":"https:\/\/soussewetter.de\/meteo\/daten-archiv\/regenmengen-tunesien-karte\/#primaryimage"},"image":{"@id":"https:\/\/soussewetter.de\/meteo\/daten-archiv\/regenmengen-tunesien-karte\/#primaryimage"},"thumbnailUrl":"https:\/\/soussewetter.de\/meteo\/wp-content\/uploads\/2025\/04\/800_regenmengen_karte.jpg","datePublished":"2025-04-17T14:40:10+00:00","dateModified":"2025-04-17T15:04:28+00:00","description":"Interaktive Karte zur grafischen Darstellung der Regenmengen Tunesiens des Ministeriums f\u00fcr Landwirtschaft, Wasserressourcen und Fischerei","breadcrumb":{"@id":"https:\/\/soussewetter.de\/meteo\/daten-archiv\/regenmengen-tunesien-karte\/#breadcrumb"},"inLanguage":"de","potentialAction":[{"@type":"ReadAction","target":["https:\/\/soussewetter.de\/meteo\/daten-archiv\/regenmengen-tunesien-karte\/"]}]},{"@type":"ImageObject","inLanguage":"de","@id":"https:\/\/soussewetter.de\/meteo\/daten-archiv\/regenmengen-tunesien-karte\/#primaryimage","url":"https:\/\/soussewetter.de\/meteo\/wp-content\/uploads\/2025\/04\/800_regenmengen_karte.jpg","contentUrl":"https:\/\/soussewetter.de\/meteo\/wp-content\/uploads\/2025\/04\/800_regenmengen_karte.jpg","width":800,"height":445,"caption":"Regenmengen Tunesien (Karte)"},{"@type":"BreadcrumbList","@id":"https:\/\/soussewetter.de\/meteo\/daten-archiv\/regenmengen-tunesien-karte\/#breadcrumb","itemListElement":[{"@type":"ListItem","position":1,"name":"Startseite","item":"https:\/\/soussewetter.de\/meteo\/"},{"@type":"ListItem","position":2,"name":"Datenarchiv","item":"https:\/\/soussewetter.de\/meteo\/daten-archiv\/"},{"@type":"ListItem","position":3,"name":"Regenmengen Tunesien (Karte)"}]},{"@type":"WebSite","@id":"https:\/\/soussewetter.de\/meteo\/#website","url":"https:\/\/soussewetter.de\/meteo\/","name":"Soussewetter.de","description":"Rund um das Wetter in Tunesien","publisher":{"@id":"https:\/\/soussewetter.de\/meteo\/#organization"},"alternateName":"Wetterstation Akouda\/Sousse","potentialAction":[{"@type":"SearchAction","target":{"@type":"EntryPoint","urlTemplate":"https:\/\/soussewetter.de\/meteo\/?s={search_term_string}"},"query-input":{"@type":"PropertyValueSpecification","valueRequired":true,"valueName":"search_term_string"}}],"inLanguage":"de"},{"@type":"Organization","@id":"https:\/\/soussewetter.de\/meteo\/#organization","name":"Wetterstation Akouda","alternateName":"soussewetter.de","url":"https:\/\/soussewetter.de\/meteo\/","logo":{"@type":"ImageObject","inLanguage":"de","@id":"https:\/\/soussewetter.de\/meteo\/#\/schema\/logo\/image\/","url":"https:\/\/soussewetter.de\/meteo\/wp-content\/uploads\/2018\/10\/cropped-windmesser_800x332.jpg","contentUrl":"https:\/\/soussewetter.de\/meteo\/wp-content\/uploads\/2018\/10\/cropped-windmesser_800x332.jpg","width":512,"height":512,"caption":"Wetterstation Akouda"},"image":{"@id":"https:\/\/soussewetter.de\/meteo\/#\/schema\/logo\/image\/"},"sameAs":["https:\/\/www.facebook.com\/wetterstation.sousse"]}]}},"_links":{"self":[{"href":"https:\/\/soussewetter.de\/meteo\/wp-json\/wp\/v2\/pages\/7058","targetHints":{"allow":["GET"]}}],"collection":[{"href":"https:\/\/soussewetter.de\/meteo\/wp-json\/wp\/v2\/pages"}],"about":[{"href":"https:\/\/soussewetter.de\/meteo\/wp-json\/wp\/v2\/types\/page"}],"author":[{"embeddable":true,"href":"https:\/\/soussewetter.de\/meteo\/wp-json\/wp\/v2\/users\/1"}],"replies":[{"embeddable":true,"href":"https:\/\/soussewetter.de\/meteo\/wp-json\/wp\/v2\/comments?post=7058"}],"version-history":[{"count":4,"href":"https:\/\/soussewetter.de\/meteo\/wp-json\/wp\/v2\/pages\/7058\/revisions"}],"predecessor-version":[{"id":7063,"href":"https:\/\/soussewetter.de\/meteo\/wp-json\/wp\/v2\/pages\/7058\/revisions\/7063"}],"up":[{"embeddable":true,"href":"https:\/\/soussewetter.de\/meteo\/wp-json\/wp\/v2\/pages\/82"}],"wp:featuredmedia":[{"embeddable":true,"href":"https:\/\/soussewetter.de\/meteo\/wp-json\/wp\/v2\/media\/7059"}],"wp:attachment":[{"href":"https:\/\/soussewetter.de\/meteo\/wp-json\/wp\/v2\/media?parent=7058"}],"curies":[{"name":"wp","href":"https:\/\/api.w.org\/{rel}","templated":true}]}}