{"id":4331,"date":"2022-05-11T19:57:48","date_gmt":"2022-05-11T18:57:48","guid":{"rendered":"https:\/\/soussewetter.de\/meteo\/?page_id=4331"},"modified":"2022-05-11T20:30:10","modified_gmt":"2022-05-11T19:30:10","slug":"blitzortung-tunesien","status":"publish","type":"page","link":"https:\/\/soussewetter.de\/meteo\/uebersichtskarten\/blitzortung-tunesien\/","title":{"rendered":"Blitzortung Tunesien"},"content":{"rendered":"<p style=\"text-align: justify;\"><a href=\"https:\/\/www.blitzortung.org\" target=\"_blank\" rel=\"noopener\">Blitzortung.org<\/a> ist eine seit 2005 t&auml;tige Interessengemeinschaft von Privatpersonen, die ein weltweites Netzwerk von VLF-Empf&auml;ngern betreibt. Diese Empf&auml;nger dienen dazu, basierend auf Laufzeitmessungen der empfangenen Signale, den Einschlagort von Blitzen zu bestimmen. B&uuml;rgerwissenschaftler, zum Teil von professionellen Wissenschaftlern unterst&uuml;tzt, betreiben 1.797 aktive Stationen in 83 L&auml;ndern und arbeiten ausschlie&szlig;lich nichtkommerziell. Die einzige Gegenleistung, die die Teilnehmer erhalten, ist freier Zugang zu den Rohdaten aller Stationen. Die Daten werden von verschiedenen Websites mit Methoden der Geoinformatik aufbereitet und im Internet als Kartendarstellung zur Verf&uuml;gung gestellt.<!--more--><\/p>\n<p><iframe loading=\"lazy\" src=\"https:\/\/map.blitzortung.org\/index.php?interactive=0&amp;NavigationControl=0&amp;FullScreenControl=0&amp;Cookies=0&amp;InfoDiv=1&amp;MenuButtonDiv=1&amp;ScaleControl=1&amp;LinksCheckboxChecked=1&amp;LinksRangeValue=10&amp;MapStyle=3&amp;MapStyleRangeValue=4&amp;Advertisment=0#6.14\/34.503\/10.172\" width=\"1000\" height=\"1000\"><\/iframe><\/p>\n","protected":false},"excerpt":{"rendered":"<p>Blitzortung.org ist eine seit 2005 t\u00e4tige Interessengemeinschaft von Privatpersonen, die ein weltweites Netzwerk von VLF-Empf\u00e4ngern betreibt. Diese Empf\u00e4nger dienen dazu,<\/p>\n","protected":false},"author":1,"featured_media":2857,"parent":173,"menu_order":0,"comment_status":"closed","ping_status":"closed","template":"","meta":{"colormag_page_container_layout":"no_sidebar_full_width","colormag_page_sidebar_layout":"no_sidebar","footnotes":""},"class_list":["post-4331","page","type-page","status-publish","has-post-thumbnail","hentry"],"yoast_head":"<!-- This site is optimized with the Yoast SEO plugin v27.4 - https:\/\/yoast.com\/product\/yoast-seo-wordpress\/ -->\n<title>Blitzortung Tunesien - Soussewetter.de<\/title>\n<meta name=\"description\" content=\"Blitzortung.org ist eine seit 2005 t\u00e4tige Interessengemeinschaft von Privatpersonen, die ein weltweites Netzwerk von VLF-Empf\u00e4ngern betreibt.\" \/>\n<meta name=\"robots\" content=\"index, follow, max-snippet:-1, max-image-preview:large, max-video-preview:-1\" \/>\n<link rel=\"canonical\" href=\"https:\/\/soussewetter.de\/meteo\/uebersichtskarten\/blitzortung-tunesien\/\" \/>\n<meta property=\"og:locale\" content=\"de_DE\" \/>\n<meta property=\"og:type\" content=\"article\" \/>\n<meta property=\"og:title\" content=\"Blitzortung Tunesien - Soussewetter.de\" \/>\n<meta property=\"og:description\" content=\"Blitzortung.org ist eine seit 2005 t\u00e4tige Interessengemeinschaft von Privatpersonen, die ein weltweites Netzwerk von VLF-Empf\u00e4ngern betreibt.\" \/>\n<meta property=\"og:url\" content=\"https:\/\/soussewetter.de\/meteo\/uebersichtskarten\/blitzortung-tunesien\/\" \/>\n<meta property=\"og:site_name\" content=\"Soussewetter.de\" \/>\n<meta property=\"article:publisher\" content=\"https:\/\/www.facebook.com\/wetterstation.sousse\" \/>\n<meta property=\"article:modified_time\" content=\"2022-05-11T19:30:10+00:00\" \/>\n<meta property=\"og:image\" content=\"https:\/\/soussewetter.de\/meteo\/wp-content\/uploads\/2020\/02\/800_gewitter.jpg\" \/>\n\t<meta property=\"og:image:width\" content=\"800\" \/>\n\t<meta property=\"og:image:height\" content=\"445\" \/>\n\t<meta property=\"og:image:type\" content=\"image\/jpeg\" \/>\n<meta name=\"twitter:card\" content=\"summary_large_image\" \/>\n<meta name=\"twitter:label1\" content=\"Gesch\u00e4tzte Lesezeit\" \/>\n\t<meta name=\"twitter:data1\" content=\"1\u00a0Minute\" \/>\n<script type=\"application\/ld+json\" class=\"yoast-schema-graph\">{\"@context\":\"https:\\\/\\\/schema.org\",\"@graph\":[{\"@type\":\"WebPage\",\"@id\":\"https:\\\/\\\/soussewetter.de\\\/meteo\\\/uebersichtskarten\\\/blitzortung-tunesien\\\/\",\"url\":\"https:\\\/\\\/soussewetter.de\\\/meteo\\\/uebersichtskarten\\\/blitzortung-tunesien\\\/\",\"name\":\"Blitzortung Tunesien - Soussewetter.de\",\"isPartOf\":{\"@id\":\"https:\\\/\\\/soussewetter.de\\\/meteo\\\/#website\"},\"primaryImageOfPage\":{\"@id\":\"https:\\\/\\\/soussewetter.de\\\/meteo\\\/uebersichtskarten\\\/blitzortung-tunesien\\\/#primaryimage\"},\"image\":{\"@id\":\"https:\\\/\\\/soussewetter.de\\\/meteo\\\/uebersichtskarten\\\/blitzortung-tunesien\\\/#primaryimage\"},\"thumbnailUrl\":\"https:\\\/\\\/soussewetter.de\\\/meteo\\\/wp-content\\\/uploads\\\/2020\\\/02\\\/800_gewitter.jpg\",\"datePublished\":\"2022-05-11T18:57:48+00:00\",\"dateModified\":\"2022-05-11T19:30:10+00:00\",\"description\":\"Blitzortung.org ist eine seit 2005 t\u00e4tige Interessengemeinschaft von Privatpersonen, die ein weltweites Netzwerk von VLF-Empf\u00e4ngern betreibt.\",\"breadcrumb\":{\"@id\":\"https:\\\/\\\/soussewetter.de\\\/meteo\\\/uebersichtskarten\\\/blitzortung-tunesien\\\/#breadcrumb\"},\"inLanguage\":\"de\",\"potentialAction\":[{\"@type\":\"ReadAction\",\"target\":[\"https:\\\/\\\/soussewetter.de\\\/meteo\\\/uebersichtskarten\\\/blitzortung-tunesien\\\/\"]}]},{\"@type\":\"ImageObject\",\"inLanguage\":\"de\",\"@id\":\"https:\\\/\\\/soussewetter.de\\\/meteo\\\/uebersichtskarten\\\/blitzortung-tunesien\\\/#primaryimage\",\"url\":\"https:\\\/\\\/soussewetter.de\\\/meteo\\\/wp-content\\\/uploads\\\/2020\\\/02\\\/800_gewitter.jpg\",\"contentUrl\":\"https:\\\/\\\/soussewetter.de\\\/meteo\\\/wp-content\\\/uploads\\\/2020\\\/02\\\/800_gewitter.jpg\",\"width\":800,\"height\":445,\"caption\":\"Symbolfoto Blitz bei Gewitter\"},{\"@type\":\"BreadcrumbList\",\"@id\":\"https:\\\/\\\/soussewetter.de\\\/meteo\\\/uebersichtskarten\\\/blitzortung-tunesien\\\/#breadcrumb\",\"itemListElement\":[{\"@type\":\"ListItem\",\"position\":1,\"name\":\"Startseite\",\"item\":\"https:\\\/\\\/soussewetter.de\\\/meteo\\\/\"},{\"@type\":\"ListItem\",\"position\":2,\"name\":\"\u00dcbersichtskarten\",\"item\":\"https:\\\/\\\/soussewetter.de\\\/meteo\\\/uebersichtskarten\\\/\"},{\"@type\":\"ListItem\",\"position\":3,\"name\":\"Blitzortung Tunesien\"}]},{\"@type\":\"WebSite\",\"@id\":\"https:\\\/\\\/soussewetter.de\\\/meteo\\\/#website\",\"url\":\"https:\\\/\\\/soussewetter.de\\\/meteo\\\/\",\"name\":\"Soussewetter.de\",\"description\":\"Rund um das Wetter in Tunesien\",\"publisher\":{\"@id\":\"https:\\\/\\\/soussewetter.de\\\/meteo\\\/#organization\"},\"alternateName\":\"Wetterstation Akouda\\\/Sousse\",\"potentialAction\":[{\"@type\":\"SearchAction\",\"target\":{\"@type\":\"EntryPoint\",\"urlTemplate\":\"https:\\\/\\\/soussewetter.de\\\/meteo\\\/?s={search_term_string}\"},\"query-input\":{\"@type\":\"PropertyValueSpecification\",\"valueRequired\":true,\"valueName\":\"search_term_string\"}}],\"inLanguage\":\"de\"},{\"@type\":\"Organization\",\"@id\":\"https:\\\/\\\/soussewetter.de\\\/meteo\\\/#organization\",\"name\":\"Wetterstation Akouda\",\"alternateName\":\"soussewetter.de\",\"url\":\"https:\\\/\\\/soussewetter.de\\\/meteo\\\/\",\"logo\":{\"@type\":\"ImageObject\",\"inLanguage\":\"de\",\"@id\":\"https:\\\/\\\/soussewetter.de\\\/meteo\\\/#\\\/schema\\\/logo\\\/image\\\/\",\"url\":\"https:\\\/\\\/soussewetter.de\\\/meteo\\\/wp-content\\\/uploads\\\/2018\\\/10\\\/cropped-windmesser_800x332.jpg\",\"contentUrl\":\"https:\\\/\\\/soussewetter.de\\\/meteo\\\/wp-content\\\/uploads\\\/2018\\\/10\\\/cropped-windmesser_800x332.jpg\",\"width\":512,\"height\":512,\"caption\":\"Wetterstation Akouda\"},\"image\":{\"@id\":\"https:\\\/\\\/soussewetter.de\\\/meteo\\\/#\\\/schema\\\/logo\\\/image\\\/\"},\"sameAs\":[\"https:\\\/\\\/www.facebook.com\\\/wetterstation.sousse\"]}]}<\/script>\n<!-- \/ Yoast SEO plugin. -->","yoast_head_json":{"title":"Blitzortung Tunesien - Soussewetter.de","description":"Blitzortung.org ist eine seit 2005 t\u00e4tige Interessengemeinschaft von Privatpersonen, die ein weltweites Netzwerk von VLF-Empf\u00e4ngern betreibt.","robots":{"index":"index","follow":"follow","max-snippet":"max-snippet:-1","max-image-preview":"max-image-preview:large","max-video-preview":"max-video-preview:-1"},"canonical":"https:\/\/soussewetter.de\/meteo\/uebersichtskarten\/blitzortung-tunesien\/","og_locale":"de_DE","og_type":"article","og_title":"Blitzortung Tunesien - Soussewetter.de","og_description":"Blitzortung.org ist eine seit 2005 t\u00e4tige Interessengemeinschaft von Privatpersonen, die ein weltweites Netzwerk von VLF-Empf\u00e4ngern betreibt.","og_url":"https:\/\/soussewetter.de\/meteo\/uebersichtskarten\/blitzortung-tunesien\/","og_site_name":"Soussewetter.de","article_publisher":"https:\/\/www.facebook.com\/wetterstation.sousse","article_modified_time":"2022-05-11T19:30:10+00:00","og_image":[{"width":800,"height":445,"url":"https:\/\/soussewetter.de\/meteo\/wp-content\/uploads\/2020\/02\/800_gewitter.jpg","type":"image\/jpeg"}],"twitter_card":"summary_large_image","twitter_misc":{"Gesch\u00e4tzte Lesezeit":"1\u00a0Minute"},"schema":{"@context":"https:\/\/schema.org","@graph":[{"@type":"WebPage","@id":"https:\/\/soussewetter.de\/meteo\/uebersichtskarten\/blitzortung-tunesien\/","url":"https:\/\/soussewetter.de\/meteo\/uebersichtskarten\/blitzortung-tunesien\/","name":"Blitzortung Tunesien - Soussewetter.de","isPartOf":{"@id":"https:\/\/soussewetter.de\/meteo\/#website"},"primaryImageOfPage":{"@id":"https:\/\/soussewetter.de\/meteo\/uebersichtskarten\/blitzortung-tunesien\/#primaryimage"},"image":{"@id":"https:\/\/soussewetter.de\/meteo\/uebersichtskarten\/blitzortung-tunesien\/#primaryimage"},"thumbnailUrl":"https:\/\/soussewetter.de\/meteo\/wp-content\/uploads\/2020\/02\/800_gewitter.jpg","datePublished":"2022-05-11T18:57:48+00:00","dateModified":"2022-05-11T19:30:10+00:00","description":"Blitzortung.org ist eine seit 2005 t\u00e4tige Interessengemeinschaft von Privatpersonen, die ein weltweites Netzwerk von VLF-Empf\u00e4ngern betreibt.","breadcrumb":{"@id":"https:\/\/soussewetter.de\/meteo\/uebersichtskarten\/blitzortung-tunesien\/#breadcrumb"},"inLanguage":"de","potentialAction":[{"@type":"ReadAction","target":["https:\/\/soussewetter.de\/meteo\/uebersichtskarten\/blitzortung-tunesien\/"]}]},{"@type":"ImageObject","inLanguage":"de","@id":"https:\/\/soussewetter.de\/meteo\/uebersichtskarten\/blitzortung-tunesien\/#primaryimage","url":"https:\/\/soussewetter.de\/meteo\/wp-content\/uploads\/2020\/02\/800_gewitter.jpg","contentUrl":"https:\/\/soussewetter.de\/meteo\/wp-content\/uploads\/2020\/02\/800_gewitter.jpg","width":800,"height":445,"caption":"Symbolfoto Blitz bei Gewitter"},{"@type":"BreadcrumbList","@id":"https:\/\/soussewetter.de\/meteo\/uebersichtskarten\/blitzortung-tunesien\/#breadcrumb","itemListElement":[{"@type":"ListItem","position":1,"name":"Startseite","item":"https:\/\/soussewetter.de\/meteo\/"},{"@type":"ListItem","position":2,"name":"\u00dcbersichtskarten","item":"https:\/\/soussewetter.de\/meteo\/uebersichtskarten\/"},{"@type":"ListItem","position":3,"name":"Blitzortung Tunesien"}]},{"@type":"WebSite","@id":"https:\/\/soussewetter.de\/meteo\/#website","url":"https:\/\/soussewetter.de\/meteo\/","name":"Soussewetter.de","description":"Rund um das Wetter in Tunesien","publisher":{"@id":"https:\/\/soussewetter.de\/meteo\/#organization"},"alternateName":"Wetterstation Akouda\/Sousse","potentialAction":[{"@type":"SearchAction","target":{"@type":"EntryPoint","urlTemplate":"https:\/\/soussewetter.de\/meteo\/?s={search_term_string}"},"query-input":{"@type":"PropertyValueSpecification","valueRequired":true,"valueName":"search_term_string"}}],"inLanguage":"de"},{"@type":"Organization","@id":"https:\/\/soussewetter.de\/meteo\/#organization","name":"Wetterstation Akouda","alternateName":"soussewetter.de","url":"https:\/\/soussewetter.de\/meteo\/","logo":{"@type":"ImageObject","inLanguage":"de","@id":"https:\/\/soussewetter.de\/meteo\/#\/schema\/logo\/image\/","url":"https:\/\/soussewetter.de\/meteo\/wp-content\/uploads\/2018\/10\/cropped-windmesser_800x332.jpg","contentUrl":"https:\/\/soussewetter.de\/meteo\/wp-content\/uploads\/2018\/10\/cropped-windmesser_800x332.jpg","width":512,"height":512,"caption":"Wetterstation Akouda"},"image":{"@id":"https:\/\/soussewetter.de\/meteo\/#\/schema\/logo\/image\/"},"sameAs":["https:\/\/www.facebook.com\/wetterstation.sousse"]}]}},"_links":{"self":[{"href":"https:\/\/soussewetter.de\/meteo\/wp-json\/wp\/v2\/pages\/4331","targetHints":{"allow":["GET"]}}],"collection":[{"href":"https:\/\/soussewetter.de\/meteo\/wp-json\/wp\/v2\/pages"}],"about":[{"href":"https:\/\/soussewetter.de\/meteo\/wp-json\/wp\/v2\/types\/page"}],"author":[{"embeddable":true,"href":"https:\/\/soussewetter.de\/meteo\/wp-json\/wp\/v2\/users\/1"}],"replies":[{"embeddable":true,"href":"https:\/\/soussewetter.de\/meteo\/wp-json\/wp\/v2\/comments?post=4331"}],"version-history":[{"count":7,"href":"https:\/\/soussewetter.de\/meteo\/wp-json\/wp\/v2\/pages\/4331\/revisions"}],"predecessor-version":[{"id":4339,"href":"https:\/\/soussewetter.de\/meteo\/wp-json\/wp\/v2\/pages\/4331\/revisions\/4339"}],"up":[{"embeddable":true,"href":"https:\/\/soussewetter.de\/meteo\/wp-json\/wp\/v2\/pages\/173"}],"wp:featuredmedia":[{"embeddable":true,"href":"https:\/\/soussewetter.de\/meteo\/wp-json\/wp\/v2\/media\/2857"}],"wp:attachment":[{"href":"https:\/\/soussewetter.de\/meteo\/wp-json\/wp\/v2\/media?parent=4331"}],"curies":[{"name":"wp","href":"https:\/\/api.w.org\/{rel}","templated":true}]}}