{"id":1931,"date":"2019-07-02T21:10:46","date_gmt":"2019-07-02T20:10:46","guid":{"rendered":"http:\/\/www.soussewetter.de\/meteo\/?page_id=1931"},"modified":"2019-07-02T21:10:46","modified_gmt":"2019-07-02T20:10:46","slug":"tunesische-sprache-lernen-mit-sprachenlernen24","status":"publish","type":"page","link":"https:\/\/soussewetter.de\/meteo\/tunesische-sprache-lernen-mit-sprachenlernen24\/","title":{"rendered":"Tunesische Sprache lernen mit sprachenlernen24"},"content":{"rendered":"<p style=\"text-align: justify;\">Durch die einzigartige <strong>Langzeitged&auml;chtnis-Lernmethode<\/strong> werden Sie bequem innerhalb k&uuml;rzester Zeit Tunesisch lernen und sich flie&szlig;end auf Tunesisch unterhalten k&ouml;nnen. Abwechslungsreiche Tagesaufgaben und eine gro&szlig;e Auswahl an Lernmethoden werden Sie t&auml;glich motivieren, weiterzulernen. In der Sprachenlernen24-Insider-Lerngemeinschaft k&ouml;nnen Sie sich mit anderen Tunesisch-Lernern austauschen und neue Freundschaften mit Gleichgesinnten schlie&szlig;en.<!--more--><\/p>\n<p style=\"text-align: justify;\">Mit dem Tunesisch-Basiskurs eignen Sie sich einen <strong>Grundwortschatz aus &uuml;ber 1.300 W&ouml;rtern<\/strong> an. Durch unz&auml;hlige Dialogtexte und Redewendungen lernen Sie die W&ouml;rter in ihrem thematischen Zusammenhang und in ganzen S&auml;tzen. Alle Vokabeln und Texte wurden von tunesischen Muttersprachlern im Tonstudio eingesprochen: So pr&auml;gen Sie sich von Anfang an eine klare, akzentfreie Aussprache und die richtige Betonung ein. Eine <strong>detaillierte Grammatik<\/strong>, zu der Sie t&auml;glich neue &Uuml;bungen erhalten, vervollst&auml;ndigt Ihr Sprachwissen.<\/p>\n<p style=\"text-align: justify;\">Zur <strong><a href=\"https:\/\/www.sprachenlernen24.de\/tunesisch-lernen\/?id=TW87766-SW001\" target=\"_blank\" rel=\"noopener noreferrer\">kostenlosen Demoversion<\/a><\/strong> und weiteren Informationen<\/p><div id=\"souss-3821774080\" class=\"souss-inhalt souss-entity-placement\"><script async src=\"\/\/pagead2.googlesyndication.com\/pagead\/js\/adsbygoogle.js?client=ca-pub-8074179450971904\" crossorigin=\"anonymous\"><\/script><ins class=\"adsbygoogle\" style=\"display:block; text-align:center;\" data-ad-client=\"ca-pub-8074179450971904\" \ndata-ad-slot=\"\" \ndata-ad-layout=\"in-article\"\ndata-ad-format=\"fluid\"><\/ins>\n<script> \n(adsbygoogle = window.adsbygoogle || []).push({}); \n<\/script>\n<\/div>\n<figure id=\"attachment_734\" aria-describedby=\"caption-attachment-734\" style=\"width: 800px\" class=\"wp-caption aligncenter\"><img loading=\"lazy\" decoding=\"async\" class=\"wp-image-734 size-full\" src=\"http:\/\/www.tunesienexplorer.de\/wp-content\/uploads\/2018\/10\/hammamet_800.jpg\" alt=\"Hammamet Symbolfoto\" width=\"800\" height=\"600\"><figcaption id=\"caption-attachment-734\" class=\"wp-caption-text\">&acute;Problemlos mit Tunesiern in der Landessprache kommunizieren<\/figcaption><\/figure>\n<p style=\"text-align: justify;\"><strong>Insgesamt erlernen Sie &uuml;ber 1.300 tunesische W&ouml;rter. Sie pr&auml;gen sich dabei die wichtigsten W&ouml;rter zu folgenden Themen ein:<\/strong><br>\nBegr&uuml;&szlig;ung &ndash; h&ouml;fliche Redewendungen &ndash; Zahlen &ndash; Z&auml;hlen lernen &ndash; Obst &ndash; Gem&uuml;se &ndash; Lebensmittel &ndash; Uhrzeit &ndash; im Hotel &ndash; die wichtigsten Verben &ndash;Transport &ndash; unterwegs mit Bus, Zug, Flugzeug &ndash; Fahrkarten kaufen &ndash; unterwegs mit dem Auto &ndash; an der Tankstelle &ndash; einen Flug buchen &ndash; am Flughafen &ndash;Pronomen &ndash; nach dem Weg fragen &ndash; Besichtigungen &ndash; Stadtbummel &ndash; Besuch im Museum &ndash; Geld &ndash; im Restaurant bestellen und zahlen &ndash; Speisekarten lesen und verstehen &ndash; Wetterbericht &ndash; h&auml;ufig gebrauchte Adjektive und ihre Steigerungsformen &ndash; Wochentage, Monate und Jahreszeiten &ndash; Sportarten &ndash; Einkauf &ndash; Kochen &ndash; Ausfl&uuml;ge organisieren &ndash; Inneneinrichtung &ndash; Familie &ndash; auf Kinder aufpassen &ndash; L&auml;nder &ndash; Kriminalit&auml;t &ndash; Kleidungsst&uuml;cke &ndash; Mode &ndash; Kommunikationswissen &ndash; Telefonieren &ndash; Verhalten bei Unf&auml;llen &ndash; der menschliche K&ouml;rper &ndash; Verletzungen und Krankheiten &ndash; in der Apotheke &ndash; Tiernamen &ndash; Schule und Uni &ndash; Unterhaltung &ndash; neue Freundschaften kn&uuml;pfen &ndash; ein Abend im Kino &ndash; einen Brief schreiben &ndash; Bestellungen im Internet &ndash; Handwerk &ndash; und noch vieles mehr!<\/p>\n<p>Zur <strong><a href=\"https:\/\/www.sprachenlernen24.de\/tunesisch-lernen\/?id=TW87766-SW001\" target=\"_blank\" rel=\"noopener noreferrer\">kostenlosen Demoversion<\/a><\/strong> und weiteren Informationen<\/p><div id=\"souss-487731673\" class=\"souss-adsense-im-artikel-5 souss-entity-placement\"><script async src=\"\/\/pagead2.googlesyndication.com\/pagead\/js\/adsbygoogle.js?client=ca-pub-8074179450971904\" crossorigin=\"anonymous\"><\/script><ins class=\"adsbygoogle\" style=\"display:block; text-align:center;\" data-ad-client=\"ca-pub-8074179450971904\" \ndata-ad-slot=\"\" \ndata-ad-layout=\"in-article\"\ndata-ad-format=\"fluid\"><\/ins>\n<script> \n(adsbygoogle = window.adsbygoogle || []).push({}); \n<\/script>\n<\/div>\n<p style=\"text-align: justify;\">Sollten Sie sich f&uuml;r einen Kurs entscheiden und ihn bestellen, erhalten Sie zudem folgenden Bonus:<\/p>\n<ul style=\"text-align: justify;\">\n<li>10 Jahre lang kostenlose Updates zu Ihrem Sprachkurs<\/li>\n<li>10 Jahre lang Premium-Kundenservice: Damit werden Ihre Anfragen besonders schnell beantwortet<\/li>\n<\/ul>\n<p style=\"text-align: justify;\"><strong>31 Tage &ndash; 100% Geld-zur&uuml;ck-Garantie.<\/strong> Testen Sie den Sprachkurs ohne Risiko. Wenn Sie nicht restlos zufrieden sind, erstattet sprachenlernen24 Ihnen 100% des Kaufpreises zur&uuml;ck. Ohne Wenn und Aber.<\/p>\n<p>Zur <strong><a href=\"https:\/\/www.sprachenlernen24.de\/tunesisch-lernen\/?id=TW87766-SW001\" target=\"_blank\" rel=\"noopener noreferrer\">kostenlosen Demoversion<\/a><\/strong> und weiteren Informationen<\/p>\n<p><strong>Multimedia-Sprachkurs<\/strong><\/p>\n<ul>\n<li>F&uuml;r Windows, Linux, macOS, iPad, Android-Tablets, Windows-Tablets, iPhones sowie Android- und Windows-Smartphones.<\/li>\n<li>Bereits &uuml;ber 540.000 verkaufte Sprachkurse.<\/li>\n<li>Software Made in Germany<\/li>\n<li>Neueste Version: Der Basiskurs Tunesisch wurde 2019 komplett &uuml;berarbeitet.<\/li>\n<li>ISBN 978-3-86725-345-1<\/li>\n<\/ul>\n<div style=\"width: 100%; color: #ffffff; background-color: #fe8000;\">Die 40 wichtigsten Sprachen:<\/div>\n<p style=\"text-align: justify;\"><a href=\"https:\/\/www.sprachenlernen24.de\/aegyptisch-lernen\/?id=TW87766\">&Auml;gyptisches Arabisch lernen<\/a> | <a href=\"https:\/\/www.sprachenlernen24.de\/albanisch-lernen\/?id=TW87766\">Albanisch lernen<\/a> | <a href=\"https:\/\/www.sprachenlernen24.de\/amerikanisch-lernen\/?id=TW87766\">Amerikanisches Englisch lernen<\/a> | <a href=\"https:\/\/www.sprachenlernen24.de\/arabisch-lernen\/?id=TW87766\">Arabisch (Hocharabisch) lernen<\/a> | <a href=\"https:\/\/www.sprachenlernen24.de\/brasilianisch-lernen\/?id=TW87766\">Brasilianisches Portugiesisch lernen<\/a> |<a href=\"https:\/\/www.sprachenlernen24.de\/bulgarisch-lernen\/?id=TW87766\">Bulgarisch lernen<\/a> | <a href=\"https:\/\/www.sprachenlernen24.de\/chinesisch-lernen\/?id=TW87766\">Chinesisch (Mandarin) lernen<\/a> | <a href=\"https:\/\/www.sprachenlernen24.de\/daenisch-lernen\/?id=TW87766\">D&auml;nisch lernen<\/a> | <a href=\"https:\/\/www.sprachenlernen24.de\/deutsch-lernen\/?id=TW87766\">Deutsch lernen<\/a> | <a href=\"https:\/\/www.sprachenlernen24.de\/englisch-lernen\/?id=TW87766\">Englisch lernen<\/a> | <a href=\"https:\/\/www.sprachenlernen24.de\/estnisch-lernen\/?id=TW87766\">Estnisch lernen<\/a> | <a href=\"https:\/\/www.sprachenlernen24.de\/finnisch-lernen\/?id=TW87766\">Finnisch lernen<\/a> | <a href=\"https:\/\/www.sprachenlernen24.de\/franzoesisch-lernen\/?id=TW87766\">Franz&ouml;sisch lernen<\/a> | <a href=\"https:\/\/www.sprachenlernen24.de\/griechisch-lernen\/?id=TW87766\">Griechisch lernen<\/a> | <a href=\"https:\/\/www.sprachenlernen24.de\/hebraeisch-lernen\/?id=TW87766\">Hebr&auml;isch (Ivrit) lernen<\/a> | <a href=\"https:\/\/www.sprachenlernen24.de\/hindi-lernen\/?id=TW87766\">Hindi lernen<\/a> | <a href=\"https:\/\/www.sprachenlernen24.de\/indonesisch-lernen\/?id=TW87766\">Indonesisch lernen<\/a> | <a href=\"https:\/\/www.sprachenlernen24.de\/islaendisch-lernen\/?id=TW87766\">Isl&auml;ndisch lernen<\/a> | <a href=\"https:\/\/www.sprachenlernen24.de\/italienisch-lernen\/?id=TW87766\">Italienisch lernen<\/a> | <a href=\"https:\/\/www.sprachenlernen24.de\/japanisch-lernen\/?id=TW87766\">Japanisch lernen<\/a> | <a href=\"https:\/\/www.sprachenlernen24.de\/jordanisch-lernen\/?id=TW87766\">Jordanisches Arabisch lernen<\/a> | <a href=\"https:\/\/www.sprachenlernen24.de\/katalanisch-lernen\/?id=TW87766\">Katalanisch lernen<\/a> | <a href=\"https:\/\/www.sprachenlernen24.de\/koreanisch-lernen\/?id=TW87766\">Koreanisch lernen<\/a> | <a href=\"https:\/\/www.sprachenlernen24.de\/kroatisch-lernen\/?id=TW87766\">Kroatisch lernen<\/a> | <a href=\"https:\/\/www.sprachenlernen24.de\/lettisch-lernen\/?id=TW87766\">Lettisch lernen<\/a> | <a href=\"https:\/\/www.sprachenlernen24.de\/litauisch-lernen\/?id=TW87766\">Litauisch lernen<\/a> | <a href=\"https:\/\/www.sprachenlernen24.de\/malaysisch-lernen\/?id=TW87766\">Malaysisch lernen<\/a> | <a href=\"https:\/\/www.sprachenlernen24.de\/marokkanisch-lernen\/?id=TW87766\">Marokkanisches Arabisch lernen<\/a> | <a href=\"https:\/\/www.sprachenlernen24.de\/niederlaendisch-lernen\/?id=TW87766\">Niederl&auml;ndisch lernen<\/a> | <a href=\"https:\/\/www.sprachenlernen24.de\/norwegisch-lernen\/?id=TW87766\">Norwegisch lernen<\/a> | <a href=\"https:\/\/www.sprachenlernen24.de\/persisch-lernen\/?id=TW87766\">Persisch (Farsi) lernen<\/a> | <a href=\"https:\/\/www.sprachenlernen24.de\/polnisch-lernen\/?id=TW87766\">Polnisch lernen<\/a> | <a href=\"https:\/\/www.sprachenlernen24.de\/portugiesisch-lernen\/?id=TW87766\">Portugiesisch lernen<\/a> | <a href=\"https:\/\/www.sprachenlernen24.de\/rumaenisch-lernen\/?id=TW87766\">Rum&auml;nisch lernen<\/a> | <a href=\"https:\/\/www.sprachenlernen24.de\/russisch-lernen\/?id=TW87766\">Russisch lernen<\/a> | <a href=\"https:\/\/www.sprachenlernen24.de\/schwedisch-lernen\/?id=TW87766\">Schwedisch lernen<\/a> | <a href=\"https:\/\/www.sprachenlernen24.de\/serbisch-lernen\/?id=TW87766\">Serbisch lernen<\/a> | <a href=\"https:\/\/www.sprachenlernen24.de\/slowakisch-lernen\/?id=TW87766\">Slowakisch lernen<\/a> | <a href=\"https:\/\/www.sprachenlernen24.de\/slowenisch-lernen\/?id=TW87766\">Slowenisch lernen<\/a> | <a href=\"https:\/\/www.sprachenlernen24.de\/spanisch-lernen\/?id=TW87766\">Spanisch lernen<\/a> | <a href=\"https:\/\/www.sprachenlernen24.de\/suedamerika-lernen\/?id=TW87766\">Spanisch (S&uuml;damerika) lernen<\/a> | <a href=\"https:\/\/www.sprachenlernen24.de\/suaheli-lernen\/?id=TW87766\">Suaheli (Swahili) lernen<\/a> | <a href=\"https:\/\/www.sprachenlernen24.de\/syrisch-lernen\/?id=TW87766\">Syrisches Arabisch lernen<\/a> | <a href=\"https:\/\/www.sprachenlernen24.de\/thai-lernen\/?id=TW87766\">Thai lernen<\/a> | <a href=\"https:\/\/www.sprachenlernen24.de\/tschechisch-lernen\/?id=TW87766\">Tschechisch lernen<\/a> | <a href=\"https:\/\/www.sprachenlernen24.de\/tuerkisch-lernen\/?id=TW87766\">T&uuml;rkisch lernen<\/a> | <a href=\"https:\/\/www.sprachenlernen24.de\/tunesisch-lernen\/?id=TW87766\">Tunesisches Arabisch lernen<\/a> | <a href=\"https:\/\/www.sprachenlernen24.de\/ungarisch-lernen\/?id=TW87766\">Ungarisch lernen<\/a> | <a href=\"https:\/\/www.sprachenlernen24.de\/vietnamesisch-lernen\/?id=TW87766\">Vietnamesisch lernen<\/a><\/p>\n","protected":false},"excerpt":{"rendered":"<p>Durch die einzigartige Langzeitged\u00e4chtnis-Lernmethode werden Sie bequem innerhalb k\u00fcrzester Zeit Tunesisch lernen und sich flie\u00dfend auf Tunesisch unterhalten k\u00f6nnen. Abwechslungsreiche<\/p>\n","protected":false},"author":1,"featured_media":1932,"parent":0,"menu_order":0,"comment_status":"closed","ping_status":"closed","template":"","meta":{"colormag_page_container_layout":"default_layout","colormag_page_sidebar_layout":"default_layout","footnotes":""},"class_list":["post-1931","page","type-page","status-publish","has-post-thumbnail","hentry"],"yoast_head":"<!-- This site is optimized with the Yoast SEO plugin v27.3 - https:\/\/yoast.com\/product\/yoast-seo-wordpress\/ -->\n<title>Tunesische Sprache lernen mit sprachenlernen24 - Soussewetter.de<\/title>\n<meta name=\"robots\" content=\"index, follow, max-snippet:-1, max-image-preview:large, max-video-preview:-1\" \/>\n<link rel=\"canonical\" href=\"https:\/\/soussewetter.de\/meteo\/tunesische-sprache-lernen-mit-sprachenlernen24\/\" \/>\n<meta property=\"og:locale\" content=\"de_DE\" \/>\n<meta property=\"og:type\" content=\"article\" \/>\n<meta property=\"og:title\" content=\"Tunesische Sprache lernen mit sprachenlernen24 - Soussewetter.de\" \/>\n<meta property=\"og:description\" content=\"Durch die einzigartige Langzeitged\u00e4chtnis-Lernmethode werden Sie bequem innerhalb k\u00fcrzester Zeit Tunesisch lernen und sich flie\u00dfend auf Tunesisch unterhalten k\u00f6nnen. Abwechslungsreiche\" \/>\n<meta property=\"og:url\" content=\"https:\/\/soussewetter.de\/meteo\/tunesische-sprache-lernen-mit-sprachenlernen24\/\" \/>\n<meta property=\"og:site_name\" content=\"Soussewetter.de\" \/>\n<meta property=\"article:publisher\" content=\"https:\/\/www.facebook.com\/wetterstation.sousse\" \/>\n<meta property=\"og:image\" content=\"https:\/\/soussewetter.de\/meteo\/wp-content\/uploads\/2019\/07\/800_sprachenlernen24.jpg\" \/>\n\t<meta property=\"og:image:width\" content=\"800\" \/>\n\t<meta property=\"og:image:height\" content=\"445\" \/>\n\t<meta property=\"og:image:type\" content=\"image\/jpeg\" \/>\n<meta name=\"twitter:card\" content=\"summary_large_image\" \/>\n<meta name=\"twitter:label1\" content=\"Gesch\u00e4tzte Lesezeit\" \/>\n\t<meta name=\"twitter:data1\" content=\"3\u00a0Minuten\" \/>\n<script type=\"application\/ld+json\" class=\"yoast-schema-graph\">{\"@context\":\"https:\\\/\\\/schema.org\",\"@graph\":[{\"@type\":\"WebPage\",\"@id\":\"https:\\\/\\\/soussewetter.de\\\/meteo\\\/tunesische-sprache-lernen-mit-sprachenlernen24\\\/\",\"url\":\"https:\\\/\\\/soussewetter.de\\\/meteo\\\/tunesische-sprache-lernen-mit-sprachenlernen24\\\/\",\"name\":\"Tunesische Sprache lernen mit sprachenlernen24 - Soussewetter.de\",\"isPartOf\":{\"@id\":\"https:\\\/\\\/soussewetter.de\\\/meteo\\\/#website\"},\"primaryImageOfPage\":{\"@id\":\"https:\\\/\\\/soussewetter.de\\\/meteo\\\/tunesische-sprache-lernen-mit-sprachenlernen24\\\/#primaryimage\"},\"image\":{\"@id\":\"https:\\\/\\\/soussewetter.de\\\/meteo\\\/tunesische-sprache-lernen-mit-sprachenlernen24\\\/#primaryimage\"},\"thumbnailUrl\":\"https:\\\/\\\/soussewetter.de\\\/meteo\\\/wp-content\\\/uploads\\\/2019\\\/07\\\/800_sprachenlernen24.jpg\",\"datePublished\":\"2019-07-02T20:10:46+00:00\",\"breadcrumb\":{\"@id\":\"https:\\\/\\\/soussewetter.de\\\/meteo\\\/tunesische-sprache-lernen-mit-sprachenlernen24\\\/#breadcrumb\"},\"inLanguage\":\"de\",\"potentialAction\":[{\"@type\":\"ReadAction\",\"target\":[\"https:\\\/\\\/soussewetter.de\\\/meteo\\\/tunesische-sprache-lernen-mit-sprachenlernen24\\\/\"]}]},{\"@type\":\"ImageObject\",\"inLanguage\":\"de\",\"@id\":\"https:\\\/\\\/soussewetter.de\\\/meteo\\\/tunesische-sprache-lernen-mit-sprachenlernen24\\\/#primaryimage\",\"url\":\"https:\\\/\\\/soussewetter.de\\\/meteo\\\/wp-content\\\/uploads\\\/2019\\\/07\\\/800_sprachenlernen24.jpg\",\"contentUrl\":\"https:\\\/\\\/soussewetter.de\\\/meteo\\\/wp-content\\\/uploads\\\/2019\\\/07\\\/800_sprachenlernen24.jpg\",\"width\":800,\"height\":445},{\"@type\":\"BreadcrumbList\",\"@id\":\"https:\\\/\\\/soussewetter.de\\\/meteo\\\/tunesische-sprache-lernen-mit-sprachenlernen24\\\/#breadcrumb\",\"itemListElement\":[{\"@type\":\"ListItem\",\"position\":1,\"name\":\"Startseite\",\"item\":\"https:\\\/\\\/soussewetter.de\\\/meteo\\\/\"},{\"@type\":\"ListItem\",\"position\":2,\"name\":\"Tunesische Sprache lernen mit sprachenlernen24\"}]},{\"@type\":\"WebSite\",\"@id\":\"https:\\\/\\\/soussewetter.de\\\/meteo\\\/#website\",\"url\":\"https:\\\/\\\/soussewetter.de\\\/meteo\\\/\",\"name\":\"Soussewetter.de\",\"description\":\"Rund um das Wetter in Tunesien\",\"publisher\":{\"@id\":\"https:\\\/\\\/soussewetter.de\\\/meteo\\\/#organization\"},\"alternateName\":\"Wetterstation Akouda\\\/Sousse\",\"potentialAction\":[{\"@type\":\"SearchAction\",\"target\":{\"@type\":\"EntryPoint\",\"urlTemplate\":\"https:\\\/\\\/soussewetter.de\\\/meteo\\\/?s={search_term_string}\"},\"query-input\":{\"@type\":\"PropertyValueSpecification\",\"valueRequired\":true,\"valueName\":\"search_term_string\"}}],\"inLanguage\":\"de\"},{\"@type\":\"Organization\",\"@id\":\"https:\\\/\\\/soussewetter.de\\\/meteo\\\/#organization\",\"name\":\"Wetterstation Akouda\",\"alternateName\":\"soussewetter.de\",\"url\":\"https:\\\/\\\/soussewetter.de\\\/meteo\\\/\",\"logo\":{\"@type\":\"ImageObject\",\"inLanguage\":\"de\",\"@id\":\"https:\\\/\\\/soussewetter.de\\\/meteo\\\/#\\\/schema\\\/logo\\\/image\\\/\",\"url\":\"https:\\\/\\\/soussewetter.de\\\/meteo\\\/wp-content\\\/uploads\\\/2018\\\/10\\\/cropped-windmesser_800x332.jpg\",\"contentUrl\":\"https:\\\/\\\/soussewetter.de\\\/meteo\\\/wp-content\\\/uploads\\\/2018\\\/10\\\/cropped-windmesser_800x332.jpg\",\"width\":512,\"height\":512,\"caption\":\"Wetterstation Akouda\"},\"image\":{\"@id\":\"https:\\\/\\\/soussewetter.de\\\/meteo\\\/#\\\/schema\\\/logo\\\/image\\\/\"},\"sameAs\":[\"https:\\\/\\\/www.facebook.com\\\/wetterstation.sousse\"]}]}<\/script>\n<!-- \/ Yoast SEO plugin. -->","yoast_head_json":{"title":"Tunesische Sprache lernen mit sprachenlernen24 - Soussewetter.de","robots":{"index":"index","follow":"follow","max-snippet":"max-snippet:-1","max-image-preview":"max-image-preview:large","max-video-preview":"max-video-preview:-1"},"canonical":"https:\/\/soussewetter.de\/meteo\/tunesische-sprache-lernen-mit-sprachenlernen24\/","og_locale":"de_DE","og_type":"article","og_title":"Tunesische Sprache lernen mit sprachenlernen24 - Soussewetter.de","og_description":"Durch die einzigartige Langzeitged\u00e4chtnis-Lernmethode werden Sie bequem innerhalb k\u00fcrzester Zeit Tunesisch lernen und sich flie\u00dfend auf Tunesisch unterhalten k\u00f6nnen. Abwechslungsreiche","og_url":"https:\/\/soussewetter.de\/meteo\/tunesische-sprache-lernen-mit-sprachenlernen24\/","og_site_name":"Soussewetter.de","article_publisher":"https:\/\/www.facebook.com\/wetterstation.sousse","og_image":[{"width":800,"height":445,"url":"https:\/\/soussewetter.de\/meteo\/wp-content\/uploads\/2019\/07\/800_sprachenlernen24.jpg","type":"image\/jpeg"}],"twitter_card":"summary_large_image","twitter_misc":{"Gesch\u00e4tzte Lesezeit":"3\u00a0Minuten"},"schema":{"@context":"https:\/\/schema.org","@graph":[{"@type":"WebPage","@id":"https:\/\/soussewetter.de\/meteo\/tunesische-sprache-lernen-mit-sprachenlernen24\/","url":"https:\/\/soussewetter.de\/meteo\/tunesische-sprache-lernen-mit-sprachenlernen24\/","name":"Tunesische Sprache lernen mit sprachenlernen24 - Soussewetter.de","isPartOf":{"@id":"https:\/\/soussewetter.de\/meteo\/#website"},"primaryImageOfPage":{"@id":"https:\/\/soussewetter.de\/meteo\/tunesische-sprache-lernen-mit-sprachenlernen24\/#primaryimage"},"image":{"@id":"https:\/\/soussewetter.de\/meteo\/tunesische-sprache-lernen-mit-sprachenlernen24\/#primaryimage"},"thumbnailUrl":"https:\/\/soussewetter.de\/meteo\/wp-content\/uploads\/2019\/07\/800_sprachenlernen24.jpg","datePublished":"2019-07-02T20:10:46+00:00","breadcrumb":{"@id":"https:\/\/soussewetter.de\/meteo\/tunesische-sprache-lernen-mit-sprachenlernen24\/#breadcrumb"},"inLanguage":"de","potentialAction":[{"@type":"ReadAction","target":["https:\/\/soussewetter.de\/meteo\/tunesische-sprache-lernen-mit-sprachenlernen24\/"]}]},{"@type":"ImageObject","inLanguage":"de","@id":"https:\/\/soussewetter.de\/meteo\/tunesische-sprache-lernen-mit-sprachenlernen24\/#primaryimage","url":"https:\/\/soussewetter.de\/meteo\/wp-content\/uploads\/2019\/07\/800_sprachenlernen24.jpg","contentUrl":"https:\/\/soussewetter.de\/meteo\/wp-content\/uploads\/2019\/07\/800_sprachenlernen24.jpg","width":800,"height":445},{"@type":"BreadcrumbList","@id":"https:\/\/soussewetter.de\/meteo\/tunesische-sprache-lernen-mit-sprachenlernen24\/#breadcrumb","itemListElement":[{"@type":"ListItem","position":1,"name":"Startseite","item":"https:\/\/soussewetter.de\/meteo\/"},{"@type":"ListItem","position":2,"name":"Tunesische Sprache lernen mit sprachenlernen24"}]},{"@type":"WebSite","@id":"https:\/\/soussewetter.de\/meteo\/#website","url":"https:\/\/soussewetter.de\/meteo\/","name":"Soussewetter.de","description":"Rund um das Wetter in Tunesien","publisher":{"@id":"https:\/\/soussewetter.de\/meteo\/#organization"},"alternateName":"Wetterstation Akouda\/Sousse","potentialAction":[{"@type":"SearchAction","target":{"@type":"EntryPoint","urlTemplate":"https:\/\/soussewetter.de\/meteo\/?s={search_term_string}"},"query-input":{"@type":"PropertyValueSpecification","valueRequired":true,"valueName":"search_term_string"}}],"inLanguage":"de"},{"@type":"Organization","@id":"https:\/\/soussewetter.de\/meteo\/#organization","name":"Wetterstation Akouda","alternateName":"soussewetter.de","url":"https:\/\/soussewetter.de\/meteo\/","logo":{"@type":"ImageObject","inLanguage":"de","@id":"https:\/\/soussewetter.de\/meteo\/#\/schema\/logo\/image\/","url":"https:\/\/soussewetter.de\/meteo\/wp-content\/uploads\/2018\/10\/cropped-windmesser_800x332.jpg","contentUrl":"https:\/\/soussewetter.de\/meteo\/wp-content\/uploads\/2018\/10\/cropped-windmesser_800x332.jpg","width":512,"height":512,"caption":"Wetterstation Akouda"},"image":{"@id":"https:\/\/soussewetter.de\/meteo\/#\/schema\/logo\/image\/"},"sameAs":["https:\/\/www.facebook.com\/wetterstation.sousse"]}]}},"_links":{"self":[{"href":"https:\/\/soussewetter.de\/meteo\/wp-json\/wp\/v2\/pages\/1931","targetHints":{"allow":["GET"]}}],"collection":[{"href":"https:\/\/soussewetter.de\/meteo\/wp-json\/wp\/v2\/pages"}],"about":[{"href":"https:\/\/soussewetter.de\/meteo\/wp-json\/wp\/v2\/types\/page"}],"author":[{"embeddable":true,"href":"https:\/\/soussewetter.de\/meteo\/wp-json\/wp\/v2\/users\/1"}],"replies":[{"embeddable":true,"href":"https:\/\/soussewetter.de\/meteo\/wp-json\/wp\/v2\/comments?post=1931"}],"version-history":[{"count":2,"href":"https:\/\/soussewetter.de\/meteo\/wp-json\/wp\/v2\/pages\/1931\/revisions"}],"predecessor-version":[{"id":1934,"href":"https:\/\/soussewetter.de\/meteo\/wp-json\/wp\/v2\/pages\/1931\/revisions\/1934"}],"wp:featuredmedia":[{"embeddable":true,"href":"https:\/\/soussewetter.de\/meteo\/wp-json\/wp\/v2\/media\/1932"}],"wp:attachment":[{"href":"https:\/\/soussewetter.de\/meteo\/wp-json\/wp\/v2\/media?parent=1931"}],"curies":[{"name":"wp","href":"https:\/\/api.w.org\/{rel}","templated":true}]}}