{"id":1626,"date":"2019-03-27T13:31:21","date_gmt":"2019-03-27T12:31:21","guid":{"rendered":"http:\/\/www.soussewetter.de\/meteo\/?page_id=1626"},"modified":"2025-04-29T15:31:32","modified_gmt":"2025-04-29T14:31:32","slug":"fuellstaende-der-trinkwasser-stauseen-tunesiens-karte","status":"publish","type":"page","link":"https:\/\/soussewetter.de\/meteo\/daten-archiv\/fuellstaende-der-trinkwasser-stauseen-tunesiens-karte\/","title":{"rendered":"F\u00fcllst\u00e4nde der Trinkwasser-Stauseen Tunesiens (Karte)"},"content":{"rendered":"<p style=\"text-align: justify;\">Interaktive Karte zur grafischen Darstellung der Wasserressourcen Tunesiens, bereitgestellt durch das <a href=\"https:\/\/dashboards.agridata.tn\/fr\/detail_dashboard\/situation-journaliere-des-barrages\/\" target=\"_blank\" rel=\"noopener noreferrer\">Ministerium f&uuml;r Landwirtschaft, Wasserressourcen und Fischerei<\/a> Tunesien.&nbsp;Kurzlink: <a href=\"https:\/\/www.kashba.de\/fuellstaende\" target=\"_blank\" rel=\"noopener noreferrer\">www.kashba.de\/fuellstaende<\/a><br>\n<!--more--><br>\nDie Kreise stellen die einzelnen Talsperren dar, die Gr&ouml;&szlig;e des Kreises spiegelt die Kapazit&auml;t wieder. Durch &Uuml;berfahren der Kreise mit der Maus werden weitere Einzelheiten eingeblendet.<\/p>\n<p><strong>Begriffserkl&auml;rung:<\/strong> Apports: Zug&auml;nge &ndash; Lachers: Abg&auml;nge &ndash; Stock: Bestand &ndash; Nombre de barrages: Anzahl der Talsperren &ndash; Capacit&eacute;: Kapazit&auml;t<\/p>\n<p style=\"text-align: center;\"><iframe loading=\"lazy\" title=\"Data viewer\" src=\"https:\/\/catalog.agridata.tn\/fr\/dataset\/barrages\/resource\/8d70196c-a95e-4a04-9c61-8144b4b60a18\/view\/6896b101-db43-4676-aa07-9e39e9db4f2e\" width=\"800\" height=\"400\" frameborder=\"0\"><\/iframe><\/p>\n<p><strong>F&uuml;llst&auml;nde der Talsperren als Liste<\/strong><\/p><div id=\"souss-335286420\" class=\"souss-inhalt souss-entity-placement\"><script async src=\"\/\/pagead2.googlesyndication.com\/pagead\/js\/adsbygoogle.js?client=ca-pub-8074179450971904\" crossorigin=\"anonymous\"><\/script><ins class=\"adsbygoogle\" style=\"display:block; text-align:center;\" data-ad-client=\"ca-pub-8074179450971904\" \ndata-ad-slot=\"\" \ndata-ad-layout=\"in-article\"\ndata-ad-format=\"fluid\"><\/ins>\n<script> \n(adsbygoogle = window.adsbygoogle || []).push({}); \n<\/script>\n<\/div>\n<p style=\"text-align: center;\"><iframe loading=\"lazy\" title=\"Data viewer\" src=\"https:\/\/catalog.agridata.tn\/fr\/dataset\/barrages\/resource\/8d70196c-a95e-4a04-9c61-8144b4b60a18\/view\/0ddbcd37-14b8-4faa-8443-02060a9c2389\" width=\"800\" height=\"600\" frameborder=\"0\"><span data-mce-type=\"bookmark\" style=\"display: inline-block; width: 0px; overflow: hidden; line-height: 0;\" class=\"mce_SELRES_start\">&#65279;<\/span><\/iframe><\/p>\n<p>Quelle: <a href=\"http:\/\/www.agridata.tn\/fr\/dataset\/barrages\/resource\/8d70196c-a95e-4a04-9c61-8144b4b60a18\" target=\"_blank\" rel=\"noopener noreferrer\">Ministerium f&uuml;r Landwirtschaft, Wasserressourcen und Fischerei<\/a> Tunesien<\/p><div id=\"souss-2402971474\" class=\"souss-adsense-im-artikel-5 souss-entity-placement\"><script async src=\"\/\/pagead2.googlesyndication.com\/pagead\/js\/adsbygoogle.js?client=ca-pub-8074179450971904\" crossorigin=\"anonymous\"><\/script><ins class=\"adsbygoogle\" style=\"display:block; text-align:center;\" data-ad-client=\"ca-pub-8074179450971904\" \ndata-ad-slot=\"\" \ndata-ad-layout=\"in-article\"\ndata-ad-format=\"fluid\"><\/ins>\n<script> \n(adsbygoogle = window.adsbygoogle || []).push({}); \n<\/script>\n<\/div>\n","protected":false},"excerpt":{"rendered":"<p>Interaktive Karte zur grafischen Darstellung der Wasserressourcen Tunesiens, bereitgestellt durch das Ministerium f\u00fcr Landwirtschaft, Wasserressourcen und Fischerei Tunesien.\u00a0Kurzlink: www.kashba.de\/fuellstaende<\/p>\n","protected":false},"author":1,"featured_media":7056,"parent":82,"menu_order":0,"comment_status":"closed","ping_status":"closed","template":"","meta":{"colormag_page_container_layout":"no_sidebar_full_width","colormag_page_sidebar_layout":"no_sidebar","footnotes":""},"class_list":["post-1626","page","type-page","status-publish","has-post-thumbnail","hentry"],"yoast_head":"<!-- This site is optimized with the Yoast SEO plugin v27.3 - https:\/\/yoast.com\/product\/yoast-seo-wordpress\/ -->\n<title>F\u00fcllst\u00e4nde der Trinkwasser-Stauseen Tunesiens (Karte) - Soussewetter.de<\/title>\n<meta name=\"description\" content=\"Interaktive Karte der F\u00fcllst\u00e4nde der Wasserressourcen Tunesiens des Ministeriums f\u00fcr Landwirtschaft, Wasserressourcen und Fischerei\" \/>\n<meta name=\"robots\" content=\"index, follow, max-snippet:-1, max-image-preview:large, max-video-preview:-1\" \/>\n<link rel=\"canonical\" href=\"https:\/\/soussewetter.de\/meteo\/daten-archiv\/fuellstaende-der-trinkwasser-stauseen-tunesiens-karte\/\" \/>\n<meta property=\"og:locale\" content=\"de_DE\" \/>\n<meta property=\"og:type\" content=\"article\" \/>\n<meta property=\"og:title\" content=\"F\u00fcllst\u00e4nde der Trinkwasser-Stauseen Tunesiens (Karte) - Soussewetter.de\" \/>\n<meta property=\"og:description\" content=\"Interaktive Karte der F\u00fcllst\u00e4nde der Wasserressourcen Tunesiens des Ministeriums f\u00fcr Landwirtschaft, Wasserressourcen und Fischerei\" \/>\n<meta property=\"og:url\" content=\"https:\/\/soussewetter.de\/meteo\/daten-archiv\/fuellstaende-der-trinkwasser-stauseen-tunesiens-karte\/\" \/>\n<meta property=\"og:site_name\" content=\"Soussewetter.de\" \/>\n<meta property=\"article:publisher\" content=\"https:\/\/www.facebook.com\/wetterstation.sousse\" \/>\n<meta property=\"article:modified_time\" content=\"2025-04-29T14:31:32+00:00\" \/>\n<meta property=\"og:image\" content=\"https:\/\/soussewetter.de\/meteo\/wp-content\/uploads\/2025\/04\/800_talsperren_data.jpg\" \/>\n\t<meta property=\"og:image:width\" content=\"800\" \/>\n\t<meta property=\"og:image:height\" content=\"445\" \/>\n\t<meta property=\"og:image:type\" content=\"image\/jpeg\" \/>\n<meta name=\"twitter:card\" content=\"summary_large_image\" \/>\n<meta name=\"twitter:label1\" content=\"Gesch\u00e4tzte Lesezeit\" \/>\n\t<meta name=\"twitter:data1\" content=\"1\u00a0Minute\" \/>\n<script type=\"application\/ld+json\" class=\"yoast-schema-graph\">{\"@context\":\"https:\\\/\\\/schema.org\",\"@graph\":[{\"@type\":\"WebPage\",\"@id\":\"https:\\\/\\\/soussewetter.de\\\/meteo\\\/daten-archiv\\\/fuellstaende-der-trinkwasser-stauseen-tunesiens-karte\\\/\",\"url\":\"https:\\\/\\\/soussewetter.de\\\/meteo\\\/daten-archiv\\\/fuellstaende-der-trinkwasser-stauseen-tunesiens-karte\\\/\",\"name\":\"F\u00fcllst\u00e4nde der Trinkwasser-Stauseen Tunesiens (Karte) - Soussewetter.de\",\"isPartOf\":{\"@id\":\"https:\\\/\\\/soussewetter.de\\\/meteo\\\/#website\"},\"primaryImageOfPage\":{\"@id\":\"https:\\\/\\\/soussewetter.de\\\/meteo\\\/daten-archiv\\\/fuellstaende-der-trinkwasser-stauseen-tunesiens-karte\\\/#primaryimage\"},\"image\":{\"@id\":\"https:\\\/\\\/soussewetter.de\\\/meteo\\\/daten-archiv\\\/fuellstaende-der-trinkwasser-stauseen-tunesiens-karte\\\/#primaryimage\"},\"thumbnailUrl\":\"https:\\\/\\\/soussewetter.de\\\/meteo\\\/wp-content\\\/uploads\\\/2025\\\/04\\\/800_talsperren_data.jpg\",\"datePublished\":\"2019-03-27T12:31:21+00:00\",\"dateModified\":\"2025-04-29T14:31:32+00:00\",\"description\":\"Interaktive Karte der F\u00fcllst\u00e4nde der Wasserressourcen Tunesiens des Ministeriums f\u00fcr Landwirtschaft, Wasserressourcen und Fischerei\",\"breadcrumb\":{\"@id\":\"https:\\\/\\\/soussewetter.de\\\/meteo\\\/daten-archiv\\\/fuellstaende-der-trinkwasser-stauseen-tunesiens-karte\\\/#breadcrumb\"},\"inLanguage\":\"de\",\"potentialAction\":[{\"@type\":\"ReadAction\",\"target\":[\"https:\\\/\\\/soussewetter.de\\\/meteo\\\/daten-archiv\\\/fuellstaende-der-trinkwasser-stauseen-tunesiens-karte\\\/\"]}]},{\"@type\":\"ImageObject\",\"inLanguage\":\"de\",\"@id\":\"https:\\\/\\\/soussewetter.de\\\/meteo\\\/daten-archiv\\\/fuellstaende-der-trinkwasser-stauseen-tunesiens-karte\\\/#primaryimage\",\"url\":\"https:\\\/\\\/soussewetter.de\\\/meteo\\\/wp-content\\\/uploads\\\/2025\\\/04\\\/800_talsperren_data.jpg\",\"contentUrl\":\"https:\\\/\\\/soussewetter.de\\\/meteo\\\/wp-content\\\/uploads\\\/2025\\\/04\\\/800_talsperren_data.jpg\",\"width\":800,\"height\":445,\"caption\":\"F\u00fcllst\u00e4nde der Trinkwasser-Stauseen Tunesiens (Karte)\"},{\"@type\":\"BreadcrumbList\",\"@id\":\"https:\\\/\\\/soussewetter.de\\\/meteo\\\/daten-archiv\\\/fuellstaende-der-trinkwasser-stauseen-tunesiens-karte\\\/#breadcrumb\",\"itemListElement\":[{\"@type\":\"ListItem\",\"position\":1,\"name\":\"Startseite\",\"item\":\"https:\\\/\\\/soussewetter.de\\\/meteo\\\/\"},{\"@type\":\"ListItem\",\"position\":2,\"name\":\"Datenarchiv\",\"item\":\"https:\\\/\\\/soussewetter.de\\\/meteo\\\/daten-archiv\\\/\"},{\"@type\":\"ListItem\",\"position\":3,\"name\":\"F\u00fcllst\u00e4nde der Trinkwasser-Stauseen Tunesiens (Karte)\"}]},{\"@type\":\"WebSite\",\"@id\":\"https:\\\/\\\/soussewetter.de\\\/meteo\\\/#website\",\"url\":\"https:\\\/\\\/soussewetter.de\\\/meteo\\\/\",\"name\":\"Soussewetter.de\",\"description\":\"Rund um das Wetter in Tunesien\",\"publisher\":{\"@id\":\"https:\\\/\\\/soussewetter.de\\\/meteo\\\/#organization\"},\"alternateName\":\"Wetterstation Akouda\\\/Sousse\",\"potentialAction\":[{\"@type\":\"SearchAction\",\"target\":{\"@type\":\"EntryPoint\",\"urlTemplate\":\"https:\\\/\\\/soussewetter.de\\\/meteo\\\/?s={search_term_string}\"},\"query-input\":{\"@type\":\"PropertyValueSpecification\",\"valueRequired\":true,\"valueName\":\"search_term_string\"}}],\"inLanguage\":\"de\"},{\"@type\":\"Organization\",\"@id\":\"https:\\\/\\\/soussewetter.de\\\/meteo\\\/#organization\",\"name\":\"Wetterstation Akouda\",\"alternateName\":\"soussewetter.de\",\"url\":\"https:\\\/\\\/soussewetter.de\\\/meteo\\\/\",\"logo\":{\"@type\":\"ImageObject\",\"inLanguage\":\"de\",\"@id\":\"https:\\\/\\\/soussewetter.de\\\/meteo\\\/#\\\/schema\\\/logo\\\/image\\\/\",\"url\":\"https:\\\/\\\/soussewetter.de\\\/meteo\\\/wp-content\\\/uploads\\\/2018\\\/10\\\/cropped-windmesser_800x332.jpg\",\"contentUrl\":\"https:\\\/\\\/soussewetter.de\\\/meteo\\\/wp-content\\\/uploads\\\/2018\\\/10\\\/cropped-windmesser_800x332.jpg\",\"width\":512,\"height\":512,\"caption\":\"Wetterstation Akouda\"},\"image\":{\"@id\":\"https:\\\/\\\/soussewetter.de\\\/meteo\\\/#\\\/schema\\\/logo\\\/image\\\/\"},\"sameAs\":[\"https:\\\/\\\/www.facebook.com\\\/wetterstation.sousse\"]}]}<\/script>\n<!-- \/ Yoast SEO plugin. -->","yoast_head_json":{"title":"F\u00fcllst\u00e4nde der Trinkwasser-Stauseen Tunesiens (Karte) - Soussewetter.de","description":"Interaktive Karte der F\u00fcllst\u00e4nde der Wasserressourcen Tunesiens des Ministeriums f\u00fcr Landwirtschaft, Wasserressourcen und Fischerei","robots":{"index":"index","follow":"follow","max-snippet":"max-snippet:-1","max-image-preview":"max-image-preview:large","max-video-preview":"max-video-preview:-1"},"canonical":"https:\/\/soussewetter.de\/meteo\/daten-archiv\/fuellstaende-der-trinkwasser-stauseen-tunesiens-karte\/","og_locale":"de_DE","og_type":"article","og_title":"F\u00fcllst\u00e4nde der Trinkwasser-Stauseen Tunesiens (Karte) - Soussewetter.de","og_description":"Interaktive Karte der F\u00fcllst\u00e4nde der Wasserressourcen Tunesiens des Ministeriums f\u00fcr Landwirtschaft, Wasserressourcen und Fischerei","og_url":"https:\/\/soussewetter.de\/meteo\/daten-archiv\/fuellstaende-der-trinkwasser-stauseen-tunesiens-karte\/","og_site_name":"Soussewetter.de","article_publisher":"https:\/\/www.facebook.com\/wetterstation.sousse","article_modified_time":"2025-04-29T14:31:32+00:00","og_image":[{"width":800,"height":445,"url":"https:\/\/soussewetter.de\/meteo\/wp-content\/uploads\/2025\/04\/800_talsperren_data.jpg","type":"image\/jpeg"}],"twitter_card":"summary_large_image","twitter_misc":{"Gesch\u00e4tzte Lesezeit":"1\u00a0Minute"},"schema":{"@context":"https:\/\/schema.org","@graph":[{"@type":"WebPage","@id":"https:\/\/soussewetter.de\/meteo\/daten-archiv\/fuellstaende-der-trinkwasser-stauseen-tunesiens-karte\/","url":"https:\/\/soussewetter.de\/meteo\/daten-archiv\/fuellstaende-der-trinkwasser-stauseen-tunesiens-karte\/","name":"F\u00fcllst\u00e4nde der Trinkwasser-Stauseen Tunesiens (Karte) - Soussewetter.de","isPartOf":{"@id":"https:\/\/soussewetter.de\/meteo\/#website"},"primaryImageOfPage":{"@id":"https:\/\/soussewetter.de\/meteo\/daten-archiv\/fuellstaende-der-trinkwasser-stauseen-tunesiens-karte\/#primaryimage"},"image":{"@id":"https:\/\/soussewetter.de\/meteo\/daten-archiv\/fuellstaende-der-trinkwasser-stauseen-tunesiens-karte\/#primaryimage"},"thumbnailUrl":"https:\/\/soussewetter.de\/meteo\/wp-content\/uploads\/2025\/04\/800_talsperren_data.jpg","datePublished":"2019-03-27T12:31:21+00:00","dateModified":"2025-04-29T14:31:32+00:00","description":"Interaktive Karte der F\u00fcllst\u00e4nde der Wasserressourcen Tunesiens des Ministeriums f\u00fcr Landwirtschaft, Wasserressourcen und Fischerei","breadcrumb":{"@id":"https:\/\/soussewetter.de\/meteo\/daten-archiv\/fuellstaende-der-trinkwasser-stauseen-tunesiens-karte\/#breadcrumb"},"inLanguage":"de","potentialAction":[{"@type":"ReadAction","target":["https:\/\/soussewetter.de\/meteo\/daten-archiv\/fuellstaende-der-trinkwasser-stauseen-tunesiens-karte\/"]}]},{"@type":"ImageObject","inLanguage":"de","@id":"https:\/\/soussewetter.de\/meteo\/daten-archiv\/fuellstaende-der-trinkwasser-stauseen-tunesiens-karte\/#primaryimage","url":"https:\/\/soussewetter.de\/meteo\/wp-content\/uploads\/2025\/04\/800_talsperren_data.jpg","contentUrl":"https:\/\/soussewetter.de\/meteo\/wp-content\/uploads\/2025\/04\/800_talsperren_data.jpg","width":800,"height":445,"caption":"F\u00fcllst\u00e4nde der Trinkwasser-Stauseen Tunesiens (Karte)"},{"@type":"BreadcrumbList","@id":"https:\/\/soussewetter.de\/meteo\/daten-archiv\/fuellstaende-der-trinkwasser-stauseen-tunesiens-karte\/#breadcrumb","itemListElement":[{"@type":"ListItem","position":1,"name":"Startseite","item":"https:\/\/soussewetter.de\/meteo\/"},{"@type":"ListItem","position":2,"name":"Datenarchiv","item":"https:\/\/soussewetter.de\/meteo\/daten-archiv\/"},{"@type":"ListItem","position":3,"name":"F\u00fcllst\u00e4nde der Trinkwasser-Stauseen Tunesiens (Karte)"}]},{"@type":"WebSite","@id":"https:\/\/soussewetter.de\/meteo\/#website","url":"https:\/\/soussewetter.de\/meteo\/","name":"Soussewetter.de","description":"Rund um das Wetter in Tunesien","publisher":{"@id":"https:\/\/soussewetter.de\/meteo\/#organization"},"alternateName":"Wetterstation Akouda\/Sousse","potentialAction":[{"@type":"SearchAction","target":{"@type":"EntryPoint","urlTemplate":"https:\/\/soussewetter.de\/meteo\/?s={search_term_string}"},"query-input":{"@type":"PropertyValueSpecification","valueRequired":true,"valueName":"search_term_string"}}],"inLanguage":"de"},{"@type":"Organization","@id":"https:\/\/soussewetter.de\/meteo\/#organization","name":"Wetterstation Akouda","alternateName":"soussewetter.de","url":"https:\/\/soussewetter.de\/meteo\/","logo":{"@type":"ImageObject","inLanguage":"de","@id":"https:\/\/soussewetter.de\/meteo\/#\/schema\/logo\/image\/","url":"https:\/\/soussewetter.de\/meteo\/wp-content\/uploads\/2018\/10\/cropped-windmesser_800x332.jpg","contentUrl":"https:\/\/soussewetter.de\/meteo\/wp-content\/uploads\/2018\/10\/cropped-windmesser_800x332.jpg","width":512,"height":512,"caption":"Wetterstation Akouda"},"image":{"@id":"https:\/\/soussewetter.de\/meteo\/#\/schema\/logo\/image\/"},"sameAs":["https:\/\/www.facebook.com\/wetterstation.sousse"]}]}},"_links":{"self":[{"href":"https:\/\/soussewetter.de\/meteo\/wp-json\/wp\/v2\/pages\/1626","targetHints":{"allow":["GET"]}}],"collection":[{"href":"https:\/\/soussewetter.de\/meteo\/wp-json\/wp\/v2\/pages"}],"about":[{"href":"https:\/\/soussewetter.de\/meteo\/wp-json\/wp\/v2\/types\/page"}],"author":[{"embeddable":true,"href":"https:\/\/soussewetter.de\/meteo\/wp-json\/wp\/v2\/users\/1"}],"replies":[{"embeddable":true,"href":"https:\/\/soussewetter.de\/meteo\/wp-json\/wp\/v2\/comments?post=1626"}],"version-history":[{"count":25,"href":"https:\/\/soussewetter.de\/meteo\/wp-json\/wp\/v2\/pages\/1626\/revisions"}],"predecessor-version":[{"id":7102,"href":"https:\/\/soussewetter.de\/meteo\/wp-json\/wp\/v2\/pages\/1626\/revisions\/7102"}],"up":[{"embeddable":true,"href":"https:\/\/soussewetter.de\/meteo\/wp-json\/wp\/v2\/pages\/82"}],"wp:featuredmedia":[{"embeddable":true,"href":"https:\/\/soussewetter.de\/meteo\/wp-json\/wp\/v2\/media\/7056"}],"wp:attachment":[{"href":"https:\/\/soussewetter.de\/meteo\/wp-json\/wp\/v2\/media?parent=1626"}],"curies":[{"name":"wp","href":"https:\/\/api.w.org\/{rel}","templated":true}]}}